{"id":28,"date":"2019-10-03T18:36:42","date_gmt":"2019-10-03T23:36:42","guid":{"rendered":"http:\/\/proyectoselectricos.adasys.com.mx\/?page_id=28"},"modified":"2019-10-04T11:26:38","modified_gmt":"2019-10-04T16:26:38","slug":"iluminacion","status":"publish","type":"page","link":"https:\/\/proyectoselectricos.adasys.com.mx\/index.php\/iluminacion\/","title":{"rendered":"Iluminaci\u00f3n"},"content":{"rendered":"\n<p>C\u00e1lculos de Iluminaci\u00f3n <\/p>\n\n\n\n<p> <\/p>\n\n\n\n<figure class=\"wp-block-image\"><img loading=\"lazy\" decoding=\"async\" width=\"700\" height=\"357\" src=\"https:\/\/proyectoselectricos.adasys.com.mx\/wp-content\/uploads\/2019\/10\/iluminacion.jpg\" alt=\"\" class=\"wp-image-29\" srcset=\"https:\/\/proyectoselectricos.adasys.com.mx\/wp-content\/uploads\/2019\/10\/iluminacion.jpg 700w, https:\/\/proyectoselectricos.adasys.com.mx\/wp-content\/uploads\/2019\/10\/iluminacion-300x153.jpg 300w\" sizes=\"auto, (max-width: 700px) 100vw, 700px\" \/><\/figure>\n\n\n\n<p> <strong>NOM-025-STPS-2008<\/strong> <\/p>\n\n\n\n<p>Establecer los requerimientos de iluminaci\u00f3n en las \u00e1reas de los centros de trabajo, para que se cuente con la cantidad de iluminaci\u00f3n requerida para cada actividad visual, a fin de proveer un ambiente seguro y saludable en la realizaci\u00f3n de las tareas que desarrollen los trabajadores. <\/p>\n","protected":false},"excerpt":{"rendered":"<p>C\u00e1lculos de Iluminaci\u00f3n NOM-025-STPS-2008 Establecer los requerimientos de iluminaci\u00f3n en las \u00e1reas de los centros de trabajo, para que se cuente con la cantidad de iluminaci\u00f3n requerida para cada actividad visual, a fin de proveer un ambiente seguro y saludable en la realizaci\u00f3n de las tareas que desarrollen los trabajadores.<\/p>\n","protected":false},"author":1,"featured_media":0,"parent":0,"menu_order":7,"comment_status":"closed","ping_status":"closed","template":"fullwidth.php","meta":{"footnotes":""},"class_list":["post-28","page","type-page","status-publish","hentry"],"_links":{"self":[{"href":"https:\/\/proyectoselectricos.adasys.com.mx\/index.php\/wp-json\/wp\/v2\/pages\/28","targetHints":{"allow":["GET"]}}],"collection":[{"href":"https:\/\/proyectoselectricos.adasys.com.mx\/index.php\/wp-json\/wp\/v2\/pages"}],"about":[{"href":"https:\/\/proyectoselectricos.adasys.com.mx\/index.php\/wp-json\/wp\/v2\/types\/page"}],"author":[{"embeddable":true,"href":"https:\/\/proyectoselectricos.adasys.com.mx\/index.php\/wp-json\/wp\/v2\/users\/1"}],"replies":[{"embeddable":true,"href":"https:\/\/proyectoselectricos.adasys.com.mx\/index.php\/wp-json\/wp\/v2\/comments?post=28"}],"version-history":[{"count":1,"href":"https:\/\/proyectoselectricos.adasys.com.mx\/index.php\/wp-json\/wp\/v2\/pages\/28\/revisions"}],"predecessor-version":[{"id":30,"href":"https:\/\/proyectoselectricos.adasys.com.mx\/index.php\/wp-json\/wp\/v2\/pages\/28\/revisions\/30"}],"wp:attachment":[{"href":"https:\/\/proyectoselectricos.adasys.com.mx\/index.php\/wp-json\/wp\/v2\/media?parent=28"}],"curies":[{"name":"wp","href":"https:\/\/api.w.org\/{rel}","templated":true}]}}