{"id":55,"date":"2019-10-04T09:59:20","date_gmt":"2019-10-04T14:59:20","guid":{"rendered":"http:\/\/proyectoselectricos.adasys.com.mx\/?page_id=55"},"modified":"2019-10-04T11:27:28","modified_gmt":"2019-10-04T16:27:28","slug":"puesta-a-tierra","status":"publish","type":"page","link":"https:\/\/proyectoselectricos.adasys.com.mx\/index.php\/puesta-a-tierra\/","title":{"rendered":"Puesta a Tierra"},"content":{"rendered":"\n<figure class=\"wp-block-image\"><img loading=\"lazy\" decoding=\"async\" width=\"700\" height=\"357\" src=\"http:\/\/proyectoselectricos.adasys.com.mx\/wp-content\/uploads\/2019\/10\/puesta-a-tierra.jpg\" alt=\"\" class=\"wp-image-53\" srcset=\"https:\/\/proyectoselectricos.adasys.com.mx\/wp-content\/uploads\/2019\/10\/puesta-a-tierra.jpg 700w, https:\/\/proyectoselectricos.adasys.com.mx\/wp-content\/uploads\/2019\/10\/puesta-a-tierra-300x153.jpg 300w\" sizes=\"auto, (max-width: 700px) 100vw, 700px\" \/><\/figure>\n\n\n\n<h3 class=\"wp-block-heading\"><strong> NOM-001-SEDE-2012 <\/strong><\/h3>\n\n\n\n<p><strong>250-4. Requisitos generales para puesta a tierra y uni\u00f3n.<\/strong>\u00a0Los siguientes requisitos generales identifican\u00a0lo que se exige que cumplan la puesta a tierra y uni\u00f3n de los sistemas el\u00e9ctricos.<\/p>\n\n\n\n<p><strong>a) Sistemas puestos a tierra.<\/strong><\/p>\n\n\n\n<p><strong>1) Puesta a tierra de los sistemas el\u00e9ctricos.\u00a0<\/strong>Los sistemas el\u00e9ctricos que son puestos a tierra se deben\u00a0conectar a tierra de manera que limiten la tensi\u00f3n impuesta por descargas atmosf\u00e9ricas, sobretensiones en la\u00a0l\u00ednea, o contacto no intencional con l\u00edneas de tensi\u00f3n mayor y que estabilicen la tensi\u00f3n a tierra durante la\u00a0operaci\u00f3n normal.<strong>NOTA:<\/strong>\u00a0Una consideraci\u00f3n importante para limitar la tensi\u00f3n impuesta es el direccionar los conductores de\u00a0uni\u00f3n y del electrodo de puesta a tierra, de modo tal que no sean m\u00e1s largos de lo necesario para completar la\u00a0conexi\u00f3n sin perturbar las partes permanentes de la instalaci\u00f3n, as\u00ed como evitar dobleces y bucles\u00a0innecesarios.<\/p>\n\n\n\n<p><strong>2) Puesta a tierra del equipo el\u00e9ctrico.<\/strong>\u00a0Los materiales conductores que normalmente no transportan\u00a0corriente, que alojan a los conductores o equipo el\u00e9ctrico, o que forman parte de dicho equipo, deben estar\u00a0conectados a tierra con el fin de limitar la tensi\u00f3n a tierra en estos materiales.<\/p>\n\n\n\n<p><strong>3) Uni\u00f3n en el equipo el\u00e9ctrico.<\/strong>\u00a0Los materiales conductores que normalmente no transportan corriente,\u00a0que alojan a los conductores o equipo el\u00e9ctrico, o que forman parte de dicho equipo, se deben conectar entre\u00a0s\u00ed y a la fuente de alimentaci\u00f3n el\u00e9ctrica de manera que establezcan una trayectoria efectiva para la corriente\u00a0de falla a tierra.<\/p>\n\n\n\n<p><strong>4) Uni\u00f3n de materiales el\u00e9ctricamente conductivos y otros equipos.<\/strong>\u00a0Los materiales el\u00e9ctricamente\u00a0conductivos que normalmente no transportan corriente, que tienen probabilidad de energizarse, se deben\u00a0conectar entre s\u00ed y a la fuente de alimentaci\u00f3n el\u00e9ctrica de manera que establezcan una trayectoria efectiva\u00a0para la corriente de falla a tierra.<\/p>\n\n\n\n<p><strong>5) Trayectoria efectiva de la corriente de falla a tierra<\/strong>. Los equipos y el alambrado el\u00e9ctrico y otros\u00a0materiales el\u00e9ctricamente conductivos que tienen la probabilidad de energizarse, se deben instalar de forma\u00a0que establezcan un circuito de baja impedancia, que facilite la operaci\u00f3n del dispositivo de protecci\u00f3n contra\u00a0sobrecorriente o del detector de falla a tierra para sistemas puestos a tierra a trav\u00e9s de una alta impedancia.\u00a0Deben tener la capacidad de transportar con seguridad la corriente m\u00e1xima de falla a tierra que\u00a0probablemente sea impuesta sobre \u00e9l desde cualquier punto del sistema de alambrado en donde pueda\u00a0ocurrir una falla a tierra hasta la fuente de alimentaci\u00f3n el\u00e9ctrica. La tierra no se debe considerar como una\u00a0trayectoria efectiva para la corriente de falla a tierra.<br><\/p>\n","protected":false},"excerpt":{"rendered":"<p>NOM-001-SEDE-2012 250-4. Requisitos generales para puesta a tierra y uni\u00f3n.\u00a0Los siguientes requisitos generales identifican\u00a0lo que se exige que cumplan la puesta a tierra y uni\u00f3n de los sistemas el\u00e9ctricos. a) Sistemas puestos a tierra. 1) Puesta a tierra de los sistemas el\u00e9ctricos.\u00a0Los sistemas el\u00e9ctricos que son puestos a tierra se deben\u00a0conectar a tierra de manera [&hellip;]<\/p>\n","protected":false},"author":1,"featured_media":0,"parent":0,"menu_order":9,"comment_status":"closed","ping_status":"closed","template":"fullwidth.php","meta":{"footnotes":""},"class_list":["post-55","page","type-page","status-publish","hentry"],"_links":{"self":[{"href":"https:\/\/proyectoselectricos.adasys.com.mx\/index.php\/wp-json\/wp\/v2\/pages\/55","targetHints":{"allow":["GET"]}}],"collection":[{"href":"https:\/\/proyectoselectricos.adasys.com.mx\/index.php\/wp-json\/wp\/v2\/pages"}],"about":[{"href":"https:\/\/proyectoselectricos.adasys.com.mx\/index.php\/wp-json\/wp\/v2\/types\/page"}],"author":[{"embeddable":true,"href":"https:\/\/proyectoselectricos.adasys.com.mx\/index.php\/wp-json\/wp\/v2\/users\/1"}],"replies":[{"embeddable":true,"href":"https:\/\/proyectoselectricos.adasys.com.mx\/index.php\/wp-json\/wp\/v2\/comments?post=55"}],"version-history":[{"count":4,"href":"https:\/\/proyectoselectricos.adasys.com.mx\/index.php\/wp-json\/wp\/v2\/pages\/55\/revisions"}],"predecessor-version":[{"id":71,"href":"https:\/\/proyectoselectricos.adasys.com.mx\/index.php\/wp-json\/wp\/v2\/pages\/55\/revisions\/71"}],"wp:attachment":[{"href":"https:\/\/proyectoselectricos.adasys.com.mx\/index.php\/wp-json\/wp\/v2\/media?parent=55"}],"curies":[{"name":"wp","href":"https:\/\/api.w.org\/{rel}","templated":true}]}}