{"id":84,"date":"2019-10-04T11:50:49","date_gmt":"2019-10-04T16:50:49","guid":{"rendered":"http:\/\/proyectoselectricos.adasys.com.mx\/?page_id=84"},"modified":"2019-10-04T13:54:14","modified_gmt":"2019-10-04T18:54:14","slug":"proyectos-electricos","status":"publish","type":"page","link":"https:\/\/proyectoselectricos.adasys.com.mx\/","title":{"rendered":"Nosotros"},"content":{"rendered":"\n<p>Somos una empresa de dise\u00f1o el\u00e9ctrico ubicada en Toluca Estado de M\u00e9xico<\/p>\n\n\n\n<p>nos especializamos en:<\/p>\n\n\n\n<p>Oficinas<\/p>\n\n\n\n<p>Industria<\/p>\n\n\n\n<p>Hospitales<\/p>\n\n\n\n<p>Comercial<\/p>\n\n\n\n<ul class=\"wp-block-gallery columns-3 is-cropped wp-block-gallery-1 is-layout-flex wp-block-gallery-is-layout-flex\"><li class=\"blocks-gallery-item\"><figure><img loading=\"lazy\" decoding=\"async\" width=\"700\" height=\"357\" src=\"http:\/\/proyectoselectricos.adasys.com.mx\/wp-content\/uploads\/2019\/10\/puesta-a-tierra.jpg\" alt=\"\" data-id=\"53\" data-link=\"http:\/\/proyectoselectricos.adasys.com.mx\/puesta-a-tierra-2\/\" class=\"wp-image-53\" srcset=\"https:\/\/proyectoselectricos.adasys.com.mx\/wp-content\/uploads\/2019\/10\/puesta-a-tierra.jpg 700w, https:\/\/proyectoselectricos.adasys.com.mx\/wp-content\/uploads\/2019\/10\/puesta-a-tierra-300x153.jpg 300w\" sizes=\"auto, (max-width: 700px) 100vw, 700px\" \/><figcaption><strong>Puesta a Tierra<\/strong><\/figcaption><\/figure><\/li><li class=\"blocks-gallery-item\"><figure><img loading=\"lazy\" decoding=\"async\" width=\"700\" height=\"357\" src=\"http:\/\/proyectoselectricos.adasys.com.mx\/wp-content\/uploads\/2019\/10\/pararrayos2.jpg\" alt=\"\" data-id=\"67\" data-link=\"http:\/\/proyectoselectricos.adasys.com.mx\/index.php\/pararrayos-2\/pararrayos2\/\" class=\"wp-image-67\" srcset=\"https:\/\/proyectoselectricos.adasys.com.mx\/wp-content\/uploads\/2019\/10\/pararrayos2.jpg 700w, https:\/\/proyectoselectricos.adasys.com.mx\/wp-content\/uploads\/2019\/10\/pararrayos2-300x153.jpg 300w\" sizes=\"auto, (max-width: 700px) 100vw, 700px\" \/><figcaption>Pararrayos<\/figcaption><\/figure><\/li><li class=\"blocks-gallery-item\"><figure><img loading=\"lazy\" decoding=\"async\" width=\"700\" height=\"357\" src=\"http:\/\/proyectoselectricos.adasys.com.mx\/wp-content\/uploads\/2019\/10\/iluminacion.jpg\" alt=\"\" data-id=\"29\" data-link=\"http:\/\/proyectoselectricos.adasys.com.mx\/index.php\/iluminacion\/iluminacion-2\/\" class=\"wp-image-29\" srcset=\"https:\/\/proyectoselectricos.adasys.com.mx\/wp-content\/uploads\/2019\/10\/iluminacion.jpg 700w, https:\/\/proyectoselectricos.adasys.com.mx\/wp-content\/uploads\/2019\/10\/iluminacion-300x153.jpg 300w\" sizes=\"auto, (max-width: 700px) 100vw, 700px\" \/><figcaption><strong>Iluminaci\u00f3n<\/strong><\/figcaption><\/figure><\/li><\/ul>\n","protected":false},"excerpt":{"rendered":"<p>Somos una empresa de dise\u00f1o el\u00e9ctrico ubicada en Toluca Estado de M\u00e9xico nos especializamos en: Oficinas Industria Hospitales Comercial<\/p>\n","protected":false},"author":1,"featured_media":0,"parent":0,"menu_order":4,"comment_status":"closed","ping_status":"closed","template":"fullwidth.php","meta":{"footnotes":""},"class_list":["post-84","page","type-page","status-publish","hentry"],"_links":{"self":[{"href":"https:\/\/proyectoselectricos.adasys.com.mx\/index.php\/wp-json\/wp\/v2\/pages\/84","targetHints":{"allow":["GET"]}}],"collection":[{"href":"https:\/\/proyectoselectricos.adasys.com.mx\/index.php\/wp-json\/wp\/v2\/pages"}],"about":[{"href":"https:\/\/proyectoselectricos.adasys.com.mx\/index.php\/wp-json\/wp\/v2\/types\/page"}],"author":[{"embeddable":true,"href":"https:\/\/proyectoselectricos.adasys.com.mx\/index.php\/wp-json\/wp\/v2\/users\/1"}],"replies":[{"embeddable":true,"href":"https:\/\/proyectoselectricos.adasys.com.mx\/index.php\/wp-json\/wp\/v2\/comments?post=84"}],"version-history":[{"count":18,"href":"https:\/\/proyectoselectricos.adasys.com.mx\/index.php\/wp-json\/wp\/v2\/pages\/84\/revisions"}],"predecessor-version":[{"id":139,"href":"https:\/\/proyectoselectricos.adasys.com.mx\/index.php\/wp-json\/wp\/v2\/pages\/84\/revisions\/139"}],"wp:attachment":[{"href":"https:\/\/proyectoselectricos.adasys.com.mx\/index.php\/wp-json\/wp\/v2\/media?parent=84"}],"curies":[{"name":"wp","href":"https:\/\/api.w.org\/{rel}","templated":true}]}}